{"id":243,"date":"2025-10-28T10:14:28","date_gmt":"2025-10-28T08:14:28","guid":{"rendered":"https:\/\/www.residence-le-fief-du-cormier.lesindebat.fr\/?page_id=243"},"modified":"2025-10-31T11:33:47","modified_gmt":"2025-10-31T09:33:47","slug":"contact","status":"publish","type":"page","link":"https:\/\/www.residence-le-fief-du-cormier.lesindebat.fr\/index.php\/contact\/","title":{"rendered":"Contact"},"content":{"rendered":"\t\t<div data-elementor-type=\"wp-page\" data-elementor-id=\"243\" class=\"elementor elementor-243\">\n\t\t\t\t<div class=\"elementor-element elementor-element-74e6108 e-con-full e-flex e-con e-parent\" data-id=\"74e6108\" data-element_type=\"container\" data-settings=\"{&quot;background_background&quot;:&quot;classic&quot;}\">\n\t\t<div class=\"elementor-element elementor-element-2c65b3db e-con-full e-flex e-con e-child\" data-id=\"2c65b3db\" data-element_type=\"container\">\n\t\t\t\t<div class=\"elementor-element elementor-element-6e7a21b8 elementor-hidden-mobile elementor-widget elementor-widget-spacer\" data-id=\"6e7a21b8\" data-element_type=\"widget\" data-widget_type=\"spacer.default\">\n\t\t\t\t<div class=\"elementor-widget-container\">\n\t\t\t\t\t\t\t<div class=\"elementor-spacer\">\n\t\t\t<div class=\"elementor-spacer-inner\"><\/div>\n\t\t<\/div>\n\t\t\t\t\t\t<\/div>\n\t\t\t\t<\/div>\n\t\t\t\t<\/div>\n\t\t<div class=\"elementor-element elementor-element-74b7181 e-con-full e-flex e-con e-child\" data-id=\"74b7181\" data-element_type=\"container\">\n\t\t\t\t<div class=\"elementor-element elementor-element-5d24d94 elementor-widget elementor-widget-spacer\" data-id=\"5d24d94\" data-element_type=\"widget\" data-widget_type=\"spacer.default\">\n\t\t\t\t<div class=\"elementor-widget-container\">\n\t\t\t\t\t\t\t<div class=\"elementor-spacer\">\n\t\t\t<div class=\"elementor-spacer-inner\"><\/div>\n\t\t<\/div>\n\t\t\t\t\t\t<\/div>\n\t\t\t\t<\/div>\n\t\t\t\t<div class=\"elementor-element elementor-element-289904ab premium-header-block premium-lq__none premium-box-lq__none elementor-invisible elementor-widget elementor-widget-premium-addon-dual-header\" data-id=\"289904ab\" data-element_type=\"widget\" data-settings=\"{&quot;_animation&quot;:&quot;fadeInRight&quot;,&quot;_animation_mobile&quot;:&quot;fadeInDown&quot;}\" data-widget_type=\"premium-addon-dual-header.default\">\n\t\t\t\t<div class=\"elementor-widget-container\">\n\t\t\t\t\t\n\t\t\t\t\t<h1 class=\"premium-dual-header-first-header \"><span class=\"premium-dual-header-first-span\">R\u00e9sidence Le fief du cormier - Les Ind\u00e9bat <\/span><span class=\"premium-dual-header-second-header \">Nous contacter<\/span><\/h1> \t\t\n\t\t\t\t\t\t<\/div>\n\t\t\t\t<\/div>\n\t\t\t\t<\/div>\n\t\t\t\t<\/div>\n\t\t<div class=\"elementor-element elementor-element-067f75c e-flex e-con-boxed e-con e-parent\" data-id=\"067f75c\" data-element_type=\"container\">\n\t\t\t\t\t<div class=\"e-con-inner\">\n\t\t\t\t<div class=\"elementor-element elementor-element-f7234e9 elementor-widget elementor-widget-spacer\" data-id=\"f7234e9\" data-element_type=\"widget\" data-widget_type=\"spacer.default\">\n\t\t\t\t<div class=\"elementor-widget-container\">\n\t\t\t\t\t\t\t<div class=\"elementor-spacer\">\n\t\t\t<div class=\"elementor-spacer-inner\"><\/div>\n\t\t<\/div>\n\t\t\t\t\t\t<\/div>\n\t\t\t\t<\/div>\n\t\t\t\t\t<\/div>\n\t\t\t\t<\/div>\n\t\t<div class=\"elementor-element elementor-element-3b76b23d e-con-full e-flex e-con e-parent\" data-id=\"3b76b23d\" data-element_type=\"container\" data-settings=\"{&quot;background_background&quot;:&quot;classic&quot;}\">\n\t\t\t\t<div class=\"elementor-element elementor-element-18644ea9 animated-slow elementor-invisible elementor-widget elementor-widget-heading\" data-id=\"18644ea9\" data-element_type=\"widget\" data-settings=\"{&quot;_animation&quot;:&quot;slideInUp&quot;}\" data-widget_type=\"heading.default\">\n\t\t\t\t<div class=\"elementor-widget-container\">\n\t\t\t\t\t<h2 class=\"elementor-heading-title elementor-size-default\">Discutons de votre projet<\/h2>\t\t\t\t<\/div>\n\t\t\t\t<\/div>\n\t\t<div class=\"elementor-element elementor-element-36bd7b14 e-con-full e-flex e-con e-child\" data-id=\"36bd7b14\" data-element_type=\"container\">\n\t\t<div class=\"elementor-element elementor-element-6486062f e-con-full e-flex e-con e-child\" data-id=\"6486062f\" data-element_type=\"container\">\n\t\t\t\t<div class=\"elementor-element elementor-element-2a12ef75 elementor-widget elementor-widget-icon-box\" data-id=\"2a12ef75\" data-element_type=\"widget\" data-widget_type=\"icon-box.default\">\n\t\t\t\t<div class=\"elementor-widget-container\">\n\t\t\t\t\t\t\t<div class=\"elementor-icon-box-wrapper\">\n\n\t\t\t\n\t\t\t\t\t\t<div class=\"elementor-icon-box-content\">\n\n\t\t\t\t\t\t\t\t\t<h3 class=\"elementor-icon-box-title\">\n\t\t\t\t\t\t<span  >\n\t\t\t\t\t\t\tAdresse\t\t\t\t\t\t<\/span>\n\t\t\t\t\t<\/h3>\n\t\t\t\t\n\t\t\t\t\t\t\t\t\t<p class=\"elementor-icon-box-description\">\n\t\t\t\t\t\t 2 Rue de la Bracheti\u00e8re, <BR>\n85170 Le Poir\u00e9-sur-Vie, France\t\t\t\t\t<\/p>\n\t\t\t\t\n\t\t\t<\/div>\n\t\t\t\n\t\t<\/div>\n\t\t\t\t\t\t<\/div>\n\t\t\t\t<\/div>\n\t\t\t\t<div class=\"elementor-element elementor-element-7ec49971 elementor-widget elementor-widget-icon-box\" data-id=\"7ec49971\" data-element_type=\"widget\" data-widget_type=\"icon-box.default\">\n\t\t\t\t<div class=\"elementor-widget-container\">\n\t\t\t\t\t\t\t<div class=\"elementor-icon-box-wrapper\">\n\n\t\t\t\n\t\t\t\t\t\t<div class=\"elementor-icon-box-content\">\n\n\t\t\t\t\t\t\t\t\t<h3 class=\"elementor-icon-box-title\">\n\t\t\t\t\t\t<span  >\n\t\t\t\t\t\t\tInfos\t\t\t\t\t\t<\/span>\n\t\t\t\t\t<\/h3>\n\t\t\t\t\n\t\t\t\t\t\t\t\t\t<p class=\"elementor-icon-box-description\">\n\t\t\t\t\t\t <a href=\"tel:0251348742\">0251348742<\/a><BR>\n<a href=\"mailto:contact@lesindebat.fr\">contact@lesindebat.fr<\/a> <BR>\n<a href=\"https:\/\/www.lesindebat.fr\/\">www.lesindebat.fr<\/a> \t\t\t\t\t<\/p>\n\t\t\t\t\n\t\t\t<\/div>\n\t\t\t\n\t\t<\/div>\n\t\t\t\t\t\t<\/div>\n\t\t\t\t<\/div>\n\t\t\t\t<div class=\"elementor-element elementor-element-587c0b3 elementor-widget elementor-widget-icon-box\" data-id=\"587c0b3\" data-element_type=\"widget\" data-widget_type=\"icon-box.default\">\n\t\t\t\t<div class=\"elementor-widget-container\">\n\t\t\t\t\t\t\t<div class=\"elementor-icon-box-wrapper\">\n\n\t\t\t\n\t\t\t\t\t\t<div class=\"elementor-icon-box-content\">\n\n\t\t\t\t\t\t\t\t\t<h3 class=\"elementor-icon-box-title\">\n\t\t\t\t\t\t<span  >\n\t\t\t\t\t\t\tHoraires\t\t\t\t\t\t<\/span>\n\t\t\t\t\t<\/h3>\n\t\t\t\t\n\t\t\t\t\t\t\t\t\t<p class=\"elementor-icon-box-description\">\n\t\t\t\t\t\tDu lundi au vendredi de 8h30 \u00e0 18h\t\t\t\t\t<\/p>\n\t\t\t\t\n\t\t\t<\/div>\n\t\t\t\n\t\t<\/div>\n\t\t\t\t\t\t<\/div>\n\t\t\t\t<\/div>\n\t\t\t\t<\/div>\n\t\t<div class=\"elementor-element elementor-element-7ea2c33d e-con-full e-flex e-con e-child\" data-id=\"7ea2c33d\" data-element_type=\"container\">\n\t\t\t\t<div class=\"elementor-element elementor-element-3b156e09 elementor-widget elementor-widget-heading\" data-id=\"3b156e09\" data-element_type=\"widget\" data-widget_type=\"heading.default\">\n\t\t\t\t<div class=\"elementor-widget-container\">\n\t\t\t\t\t<h2 class=\"elementor-heading-title elementor-size-default\">Vous voulez en savoir plus sur la R\u00e9sidence du Fief du Cormier au Boup\u00e8re en Vend\u00e9e ? <br>Remplissez le formulaire ci-dessous et laissez notre \u00e9quipe vous recontacter<\/h2>\t\t\t\t<\/div>\n\t\t\t\t<\/div>\n\t\t\t\t<div class=\"elementor-element elementor-element-96f6743 premium-cf7-button-fwidth-yes elementor-widget elementor-widget-premium-contact-form\" data-id=\"96f6743\" data-element_type=\"widget\" data-widget_type=\"premium-contact-form.default\">\n\t\t\t\t<div class=\"elementor-widget-container\">\n\t\t\t\t\t\n\t\t\t\n\t\t\t<div class=\"premium-cf7-container\" data-settings=\"{&quot;fields_glass&quot;:&quot;none&quot;,&quot;submit_glass&quot;:&quot;none&quot;}\">\n\t\t\t\t\n<div class=\"wpcf7 no-js\" id=\"wpcf7-f87-o1\" lang=\"fr-FR\" dir=\"ltr\" data-wpcf7-id=\"87\">\n<div class=\"screen-reader-response\"><p role=\"status\" aria-live=\"polite\" aria-atomic=\"true\"><\/p> <ul><\/ul><\/div>\n<form action=\"\/index.php\/wp-json\/wp\/v2\/pages\/243#wpcf7-f87-o1\" method=\"post\" class=\"wpcf7-form init\" aria-label=\"Formulaire de contact\" novalidate=\"novalidate\" data-status=\"init\">\n<fieldset class=\"hidden-fields-container\"><input type=\"hidden\" name=\"_wpcf7\" value=\"87\" \/><input type=\"hidden\" name=\"_wpcf7_version\" value=\"6.1.2\" \/><input type=\"hidden\" name=\"_wpcf7_locale\" value=\"fr_FR\" \/><input type=\"hidden\" name=\"_wpcf7_unit_tag\" value=\"wpcf7-f87-o1\" \/><input type=\"hidden\" name=\"_wpcf7_container_post\" value=\"0\" \/><input type=\"hidden\" name=\"_wpcf7_posted_data_hash\" value=\"\" \/>\n<\/fieldset>\n<p><label> Votre nom<br \/>\n<span class=\"wpcf7-form-control-wrap\" data-name=\"your-name\"><input size=\"40\" maxlength=\"400\" class=\"wpcf7-form-control wpcf7-text wpcf7-validates-as-required\" autocomplete=\"name\" aria-required=\"true\" aria-invalid=\"false\" value=\"\" type=\"text\" name=\"your-name\" \/><\/span> <\/label>\n<\/p>\n<p><label> Votre e-mail<br \/>\n<span class=\"wpcf7-form-control-wrap\" data-name=\"your-email\"><input size=\"40\" maxlength=\"400\" class=\"wpcf7-form-control wpcf7-email wpcf7-validates-as-required wpcf7-text wpcf7-validates-as-email\" autocomplete=\"email\" aria-required=\"true\" aria-invalid=\"false\" value=\"\" type=\"email\" name=\"your-email\" \/><\/span> <\/label>\n<\/p>\n<p>T\u00e9l\u00e9phone<br \/>\n<span class=\"wpcf7-form-control-wrap\" data-name=\"tel-927\"><input size=\"40\" maxlength=\"400\" class=\"wpcf7-form-control wpcf7-tel wpcf7-text wpcf7-validates-as-tel\" aria-invalid=\"false\" value=\"\" type=\"tel\" name=\"tel-927\" \/><\/span>\n<\/p>\n<p><input class=\"wpcf7-form-control wpcf7-submit has-spinner\" type=\"submit\" value=\"Envoyer\" \/>\n<\/p><div class=\"wpcf7-response-output\" aria-hidden=\"true\"><\/div>\n<\/form>\n<\/div>\n\t\t\t<\/div>\n\n\t\t\t\t\t\t\t<\/div>\n\t\t\t\t<\/div>\n\t\t\t\t<\/div>\n\t\t\t\t<div class=\"elementor-element elementor-element-f8abc5a elementor-widget elementor-widget-image\" data-id=\"f8abc5a\" data-element_type=\"widget\" data-widget_type=\"image.default\">\n\t\t\t\t<div class=\"elementor-widget-container\">\n\t\t\t\t\t\t\t\t\t\t\t\t\t\t\t<img fetchpriority=\"high\" decoding=\"async\" width=\"800\" height=\"450\" src=\"https:\/\/www.residence-le-fief-du-cormier.lesindebat.fr\/wp-content\/uploads\/2025\/10\/Vue-interieure-Lgt-003-1-1024x576.jpg\" class=\"attachment-large size-large wp-image-215\" alt=\"\" srcset=\"https:\/\/www.residence-le-fief-du-cormier.lesindebat.fr\/wp-content\/uploads\/2025\/10\/Vue-interieure-Lgt-003-1-1024x576.jpg 1024w, https:\/\/www.residence-le-fief-du-cormier.lesindebat.fr\/wp-content\/uploads\/2025\/10\/Vue-interieure-Lgt-003-1-300x169.jpg 300w, https:\/\/www.residence-le-fief-du-cormier.lesindebat.fr\/wp-content\/uploads\/2025\/10\/Vue-interieure-Lgt-003-1-768x432.jpg 768w, https:\/\/www.residence-le-fief-du-cormier.lesindebat.fr\/wp-content\/uploads\/2025\/10\/Vue-interieure-Lgt-003-1-1536x864.jpg 1536w, https:\/\/www.residence-le-fief-du-cormier.lesindebat.fr\/wp-content\/uploads\/2025\/10\/Vue-interieure-Lgt-003-1-2048x1152.jpg 2048w\" sizes=\"(max-width: 800px) 100vw, 800px\" \/>\t\t\t\t\t\t\t\t\t\t\t\t\t\t\t<\/div>\n\t\t\t\t<\/div>\n\t\t\t\t<\/div>\n\t\t\t\t<\/div>\n\t\t<div class=\"elementor-element elementor-element-697d5f8 e-flex e-con-boxed e-con e-parent\" data-id=\"697d5f8\" data-element_type=\"container\">\n\t\t\t\t\t<div class=\"e-con-inner\">\n\t\t\t\t<div class=\"elementor-element elementor-element-fbd8950 elementor-widget elementor-widget-spacer\" data-id=\"fbd8950\" data-element_type=\"widget\" data-widget_type=\"spacer.default\">\n\t\t\t\t<div class=\"elementor-widget-container\">\n\t\t\t\t\t\t\t<div class=\"elementor-spacer\">\n\t\t\t<div class=\"elementor-spacer-inner\"><\/div>\n\t\t<\/div>\n\t\t\t\t\t\t<\/div>\n\t\t\t\t<\/div>\n\t\t\t\t\t<\/div>\n\t\t\t\t<\/div>\n\t\t\t\t<\/div>\n\t\t","protected":false},"excerpt":{"rendered":"<p>R\u00e9sidence Le fief du cormier &#8211; Les Ind\u00e9bat Nous contacter Discutons de votre projet Adresse 2 Rue de la Bracheti\u00e8re, 85170 Le Poir\u00e9-sur-Vie, France Infos 0251348742 contact@lesindebat.fr www.lesindebat.fr Horaires Du lundi au vendredi de 8h30 \u00e0 18h Vous voulez en savoir plus sur la R\u00e9sidence du Fief du Cormier au Boup\u00e8re en Vend\u00e9e ? Remplissez [&hellip;]<\/p>\n","protected":false},"author":1,"featured_media":0,"parent":0,"menu_order":0,"comment_status":"closed","ping_status":"closed","template":"","meta":{"_acf_changed":false,"_eb_attr":"","footnotes":""},"class_list":["post-243","page","type-page","status-publish","hentry"],"acf":[],"_links":{"self":[{"href":"https:\/\/www.residence-le-fief-du-cormier.lesindebat.fr\/index.php\/wp-json\/wp\/v2\/pages\/243","targetHints":{"allow":["GET"]}}],"collection":[{"href":"https:\/\/www.residence-le-fief-du-cormier.lesindebat.fr\/index.php\/wp-json\/wp\/v2\/pages"}],"about":[{"href":"https:\/\/www.residence-le-fief-du-cormier.lesindebat.fr\/index.php\/wp-json\/wp\/v2\/types\/page"}],"author":[{"embeddable":true,"href":"https:\/\/www.residence-le-fief-du-cormier.lesindebat.fr\/index.php\/wp-json\/wp\/v2\/users\/1"}],"replies":[{"embeddable":true,"href":"https:\/\/www.residence-le-fief-du-cormier.lesindebat.fr\/index.php\/wp-json\/wp\/v2\/comments?post=243"}],"version-history":[{"count":31,"href":"https:\/\/www.residence-le-fief-du-cormier.lesindebat.fr\/index.php\/wp-json\/wp\/v2\/pages\/243\/revisions"}],"predecessor-version":[{"id":464,"href":"https:\/\/www.residence-le-fief-du-cormier.lesindebat.fr\/index.php\/wp-json\/wp\/v2\/pages\/243\/revisions\/464"}],"wp:attachment":[{"href":"https:\/\/www.residence-le-fief-du-cormier.lesindebat.fr\/index.php\/wp-json\/wp\/v2\/media?parent=243"}],"curies":[{"name":"wp","href":"https:\/\/api.w.org\/{rel}","templated":true}]}}